{"id":173,"date":"2025-12-15T13:45:54","date_gmt":"2025-12-15T12:45:54","guid":{"rendered":"https:\/\/imprimerieatrt.com\/?page_id=173"},"modified":"2025-12-17T15:28:35","modified_gmt":"2025-12-17T14:28:35","slug":"qui-sommes-nous","status":"publish","type":"page","link":"https:\/\/imprimerieatrt.com\/index.php\/qui-sommes-nous\/","title":{"rendered":"Qui sommes-nous ?"},"content":{"rendered":"\n<div class=\"wp-block-media-text is-stacked-on-mobile\"><figure class=\"wp-block-media-text__media\"><img fetchpriority=\"high\" decoding=\"async\" width=\"1024\" height=\"943\" src=\"https:\/\/imprimerieatrt.com\/wp-content\/uploads\/2025\/12\/illustration-pres-3cl-e1765981297710-1024x943.jpg\" alt=\"\" class=\"wp-image-346 size-full\" srcset=\"https:\/\/imprimerieatrt.com\/wp-content\/uploads\/2025\/12\/illustration-pres-3cl-e1765981297710-1024x943.jpg 1024w, https:\/\/imprimerieatrt.com\/wp-content\/uploads\/2025\/12\/illustration-pres-3cl-e1765981297710-300x276.jpg 300w, https:\/\/imprimerieatrt.com\/wp-content\/uploads\/2025\/12\/illustration-pres-3cl-e1765981297710-768x707.jpg 768w, https:\/\/imprimerieatrt.com\/wp-content\/uploads\/2025\/12\/illustration-pres-3cl-e1765981297710.jpg 1375w\" sizes=\"(max-width: 1024px) 100vw, 1024px\" \/><\/figure><div class=\"wp-block-media-text__content\">\n<h2 class=\"wp-block-heading\" style=\"color: #028BC0;\">Notre organisation<\/h2>\n<p>L&rsquo;ATRT, Atelier Th\u00e9rapeutique de R\u00e9adaptation par le Travail, est un h\u00f4pital de jour appartenant \u00e0 MGEN.<br>\nL&rsquo;h\u00f4pital dispose d&rsquo;une <b>imprimerie comme outil de rem\u00e9diation au travail.<\/b><\/p>\n<p>Notre imprimerie poss\u00e8de toutes les caract\u00e9ristiques d&rsquo;une entreprise (comp\u00e9tences professionnelles, gestion comptable, carnet de commandes, etc.)<br><b>Les patients sont mis en situation de travail \u00e0 travers leur participation \u00e0 l&rsquo;imprimerie<\/b>, tant sur la partie graphique que sur le fa\u00e7onnage, en fonction de leurs besoins. Ils sont accompagn\u00e9s par des ergoth\u00e9rapeutes et des professionnels de l&rsquo;imprimerie (moniteurs d&rsquo;atelier graphistes ou conducteurs offset)<\/p>\n<h2 class=\"wp-block-heading\" style=\"color: #028BC0;\">Nos clients<\/h2>\n<p>Issu de <b>l&rsquo;\u00e9conomie sociale et solidaire<\/b>, nous comptons un grand nombre de clients dans ces secteurs et b\u00e9n\u00e9ficions d&rsquo;une exp\u00e9rience reconnue dans la conception et l&rsquo;impression de documents sp\u00e9cifiques : ordonnances, plaquettes de pr\u00e9sentation, livrets d&rsquo;accueil, dossiers m\u00e9dicaux, fiches de liaison <\/p>\n<p>Nous r\u00e9alisons et imprimons \u00e9galement diff\u00e9rents supports de communication pour des<b> associations<\/b>, des <b>\u00e9tablissements scolaires<\/b>, des <b>entreprises priv\u00e9es<\/b> mais aussi des <b>particuliers<\/b><\/p>\n<\/div><\/div>\n","protected":false},"excerpt":{"rendered":"<p>Notre organisation L&rsquo;ATRT, Atelier Th\u00e9rapeutique de R\u00e9adaptation par le Travail, est un h\u00f4pital de jour appartenant \u00e0 MGEN. L&rsquo;h\u00f4pital dispose d&rsquo;une imprimerie comme outil de rem\u00e9diation au travail. Notre imprimerie poss\u00e8de toutes les caract\u00e9ristiques d&rsquo;une entreprise (comp\u00e9tences professionnelles, gestion comptable, carnet de commandes, etc.)Les patients sont mis en situation de travail \u00e0 travers leur participation&#8230;<\/p>\n","protected":false},"author":1,"featured_media":0,"parent":0,"menu_order":0,"comment_status":"closed","ping_status":"closed","template":"","meta":{"_kadence_starter_templates_imported_post":false,"_kad_post_transparent":"","_kad_post_title":"","_kad_post_layout":"","_kad_post_sidebar_id":"","_kad_post_content_style":"","_kad_post_vertical_padding":"","_kad_post_feature":"","_kad_post_feature_position":"","_kad_post_header":false,"_kad_post_footer":false,"_kad_post_classname":"","footnotes":""},"class_list":["post-173","page","type-page","status-publish","hentry"],"_links":{"self":[{"href":"https:\/\/imprimerieatrt.com\/index.php\/wp-json\/wp\/v2\/pages\/173","targetHints":{"allow":["GET"]}}],"collection":[{"href":"https:\/\/imprimerieatrt.com\/index.php\/wp-json\/wp\/v2\/pages"}],"about":[{"href":"https:\/\/imprimerieatrt.com\/index.php\/wp-json\/wp\/v2\/types\/page"}],"author":[{"embeddable":true,"href":"https:\/\/imprimerieatrt.com\/index.php\/wp-json\/wp\/v2\/users\/1"}],"replies":[{"embeddable":true,"href":"https:\/\/imprimerieatrt.com\/index.php\/wp-json\/wp\/v2\/comments?post=173"}],"version-history":[{"count":15,"href":"https:\/\/imprimerieatrt.com\/index.php\/wp-json\/wp\/v2\/pages\/173\/revisions"}],"predecessor-version":[{"id":355,"href":"https:\/\/imprimerieatrt.com\/index.php\/wp-json\/wp\/v2\/pages\/173\/revisions\/355"}],"wp:attachment":[{"href":"https:\/\/imprimerieatrt.com\/index.php\/wp-json\/wp\/v2\/media?parent=173"}],"curies":[{"name":"wp","href":"https:\/\/api.w.org\/{rel}","templated":true}]}}