{"id":2,"date":"2025-11-04T15:50:41","date_gmt":"2025-11-04T15:50:41","guid":{"rendered":"http:\/\/imprimerieatrt.com\/?page_id=2"},"modified":"2026-01-30T11:57:41","modified_gmt":"2026-01-30T10:57:41","slug":"sample-page","status":"publish","type":"page","link":"https:\/\/imprimerieatrt.com\/","title":{"rendered":"Bienvenue"},"content":{"rendered":"\t\t<div data-elementor-type=\"wp-page\" data-elementor-id=\"2\" class=\"elementor elementor-2\">\n\t\t\t\t<div class=\"elementor-element elementor-element-617d7d27 e-flex e-con-boxed e-con e-parent\" data-id=\"617d7d27\" data-element_type=\"container\" data-e-type=\"container\">\n\t\t\t\t\t<div class=\"e-con-inner\">\n\t\t\t\t<div class=\"elementor-element elementor-element-b17f9d9 elementor-widget elementor-widget-text-editor\" data-id=\"b17f9d9\" data-element_type=\"widget\" data-e-type=\"widget\" data-widget_type=\"text-editor.default\">\n\t\t\t\t\t\t\t\t\t\n<figure class=\"wp-block-image alignwide size-large wp-duotone-unset-2\" style=\"margin-top:0;margin-bottom:0\"><img fetchpriority=\"high\" decoding=\"async\" width=\"2560\" height=\"1440\" src=\"https:\/\/imprimerieatrt.com\/wp-content\/uploads\/2025\/12\/presse-edited-scaled.jpg\" alt=\"\" class=\"wp-image-361\" srcset=\"https:\/\/imprimerieatrt.com\/wp-content\/uploads\/2025\/12\/presse-edited-scaled.jpg 2560w, https:\/\/imprimerieatrt.com\/wp-content\/uploads\/2025\/12\/presse-edited-300x169.jpg 300w, https:\/\/imprimerieatrt.com\/wp-content\/uploads\/2025\/12\/presse-edited-1024x576.jpg 1024w, https:\/\/imprimerieatrt.com\/wp-content\/uploads\/2025\/12\/presse-edited-768x432.jpg 768w, https:\/\/imprimerieatrt.com\/wp-content\/uploads\/2025\/12\/presse-edited-1536x864.jpg 1536w, https:\/\/imprimerieatrt.com\/wp-content\/uploads\/2025\/12\/presse-edited-2048x1152.jpg 2048w\" sizes=\"(max-width: 2560px) 100vw, 2560px\" \/><\/figure>\n\n\n\n<div class=\"wp-block-group alignfull has-background-color\" style=\"margin-top:0;margin-bottom:0;padding-top:var(--wp--preset--spacing--50);padding-right:var(--wp--preset--spacing--30);padding-bottom:var(--wp--preset--spacing--50);padding-left:var(--wp--preset--spacing--30)\"><div class=\"wp-block-group__inner-container is-layout-flow wp-block-group-is-layout-flow\">\n<div class=\"wp-block-group alignfull has-small-font-size is-content-justification-space-between is-nowrap is-layout-flex wp-container-core-group-is-layout-fc4e17cf wp-block-group-is-layout-flex\">\n<ul class=\"wp-block-social-links has-small-icon-size is-style-logos-only wp-container-content-b0223bd5 is-content-justification-right is-nowrap is-layout-flex wp-container-core-social-links-is-layout-caeaa345 wp-block-social-links-is-layout-flex\"><\/ul>\n<\/div>\n<\/div><\/div>\n\n\n\n<div class=\"wp-block-media-text is-stacked-on-mobile\"><figure class=\"wp-block-media-text__media\"><img decoding=\"async\" width=\"1024\" height=\"827\" src=\"https:\/\/imprimerieatrt.com\/wp-content\/uploads\/2025\/12\/illustration-pres-2cl-e1765981216569-1024x827.jpg\" alt=\"\" class=\"wp-image-349 size-full\" srcset=\"https:\/\/imprimerieatrt.com\/wp-content\/uploads\/2025\/12\/illustration-pres-2cl-e1765981216569-1024x827.jpg 1024w, https:\/\/imprimerieatrt.com\/wp-content\/uploads\/2025\/12\/illustration-pres-2cl-e1765981216569-300x242.jpg 300w, https:\/\/imprimerieatrt.com\/wp-content\/uploads\/2025\/12\/illustration-pres-2cl-e1765981216569-768x620.jpg 768w, https:\/\/imprimerieatrt.com\/wp-content\/uploads\/2025\/12\/illustration-pres-2cl-e1765981216569.jpg 1375w\" sizes=\"(max-width: 1024px) 100vw, 1024px\" \/><\/figure><div class=\"wp-block-media-text__content\">\n<p><\/p>\n\n\n\n<h2 class=\"wp-block-heading\" style=\"color: #E95F85;\">Notre mission<\/h2>\n<p>Depuis plus de 60 ans, l&rsquo;imprimerie de l&rsquo;ATRT vous accompagne au quotidien dans la conception et la r\u00e9alisation de vos supports de communication.<br> Nous vous proposons une prestation compl\u00e8te : <strong>brief, cr\u00e9ation ou ex\u00e9cution de votre mise en page, impression num\u00e9rique ou offset, fa\u00e7onnage, routage, exp\u00e9dition<\/strong><\/p><p>Un accompagnement personnalis\u00e9 gr\u00e2ce \u00e0 une prise en charge compl\u00e8te \u00e0 chaque \u00e9tape de la cha\u00eene graphique<\/p>\n<h2 class=\"wp-block-heading\" style=\"color: #F8A21B;\">L&rsquo;\u00e9quipe<\/h2>\n<p>La r\u00e9alisation de vos projets de A \u00e0 Z par notre \u00e9quipe <strong>pluridisciplinaire<\/strong>:<\/p>\n<strong><ul>\n  <li>Un chef d&rsquo;atelier<\/li>\n  <li>Des graphistes<\/li>\n  <li>Des conducteurs offsts \/ fa\u00e7onniers<\/li>\n<\/ul><\/strong>\n<\/div><\/div>\n\t\t\t\t\t\t\t\t<\/div>\n\t\t\t\t\t<\/div>\n\t\t\t\t<\/div>\n\t\t<div class=\"elementor-element elementor-element-56b3fa8 e-flex e-con-boxed e-con e-parent\" data-id=\"56b3fa8\" data-element_type=\"container\" data-e-type=\"container\">\n\t\t\t\t\t<div class=\"e-con-inner\">\n\t\t\t\t<div class=\"elementor-element elementor-element-5c96389 elementor-widget elementor-widget-google_maps\" data-id=\"5c96389\" data-element_type=\"widget\" data-e-type=\"widget\" data-widget_type=\"google_maps.default\">\n\t\t\t\t\t\t\t<div class=\"elementor-custom-embed\">\n\t\t\t<iframe loading=\"lazy\"\n\t\t\t\t\tsrc=\"https:\/\/maps.google.com\/maps?q=ATRT%2C%2022-28%2C%20Rue%20de%20la%20Pointe%20d%27Ivry%2C%20Paris%2013&#038;t=m&#038;z=13&#038;output=embed&#038;iwloc=near\"\n\t\t\t\t\ttitle=\"ATRT, 22-28, Rue de la Pointe d&#039;Ivry, Paris 13\"\n\t\t\t\t\taria-label=\"ATRT, 22-28, Rue de la Pointe d&#039;Ivry, Paris 13\"\n\t\t\t><\/iframe>\n\t\t<\/div>\n\t\t\t\t\t\t<\/div>\n\t\t\t\t\t<\/div>\n\t\t\t\t<\/div>\n\t\t\t\t<\/div>\n\t\t","protected":false},"excerpt":{"rendered":"<p>Notre mission Depuis plus de 60 ans, l&rsquo;imprimerie de l&rsquo;ATRT vous accompagne au quotidien dans la conception et la r\u00e9alisation de vos supports de communication. Nous vous proposons une prestation compl\u00e8te : brief, cr\u00e9ation ou ex\u00e9cution de votre mise en page, impression num\u00e9rique ou offset, fa\u00e7onnage, routage, exp\u00e9dition Un accompagnement personnalis\u00e9 gr\u00e2ce \u00e0 une prise&#8230;<\/p>\n","protected":false},"author":1,"featured_media":54,"parent":0,"menu_order":0,"comment_status":"closed","ping_status":"open","template":"","meta":{"_kadence_starter_templates_imported_post":false,"_kad_post_transparent":"default","_kad_post_title":"default","_kad_post_layout":"","_kad_post_sidebar_id":"","_kad_post_content_style":"","_kad_post_vertical_padding":"","_kad_post_feature":"","_kad_post_feature_position":"","_kad_post_header":false,"_kad_post_footer":false,"_kad_post_classname":"","footnotes":""},"class_list":["post-2","page","type-page","status-publish","has-post-thumbnail","hentry"],"_links":{"self":[{"href":"https:\/\/imprimerieatrt.com\/index.php\/wp-json\/wp\/v2\/pages\/2","targetHints":{"allow":["GET"]}}],"collection":[{"href":"https:\/\/imprimerieatrt.com\/index.php\/wp-json\/wp\/v2\/pages"}],"about":[{"href":"https:\/\/imprimerieatrt.com\/index.php\/wp-json\/wp\/v2\/types\/page"}],"author":[{"embeddable":true,"href":"https:\/\/imprimerieatrt.com\/index.php\/wp-json\/wp\/v2\/users\/1"}],"replies":[{"embeddable":true,"href":"https:\/\/imprimerieatrt.com\/index.php\/wp-json\/wp\/v2\/comments?post=2"}],"version-history":[{"count":47,"href":"https:\/\/imprimerieatrt.com\/index.php\/wp-json\/wp\/v2\/pages\/2\/revisions"}],"predecessor-version":[{"id":445,"href":"https:\/\/imprimerieatrt.com\/index.php\/wp-json\/wp\/v2\/pages\/2\/revisions\/445"}],"wp:featuredmedia":[{"embeddable":true,"href":"https:\/\/imprimerieatrt.com\/index.php\/wp-json\/wp\/v2\/media\/54"}],"wp:attachment":[{"href":"https:\/\/imprimerieatrt.com\/index.php\/wp-json\/wp\/v2\/media?parent=2"}],"curies":[{"name":"wp","href":"https:\/\/api.w.org\/{rel}","templated":true}]}}